{"id":16226,"date":"2021-12-21T09:46:38","date_gmt":"2021-12-21T08:46:38","guid":{"rendered":"https:\/\/pursecurse.nl\/checkout-2\/"},"modified":"2026-02-23T20:36:05","modified_gmt":"2026-02-23T19:36:05","slug":"checkout-2","status":"publish","type":"page","link":"https:\/\/pursecurse.nl\/en\/checkout-2\/","title":{"rendered":"Checkout"},"content":{"rendered":"\t\t<div data-elementor-type=\"wp-page\" data-elementor-id=\"16226\" class=\"elementor elementor-16226 elementor-8\" data-elementor-post-type=\"page\">\n\t\t\t\t<div class=\"elementor-element elementor-element-ce4dd53 e-flex e-con-boxed e-con e-parent\" data-id=\"ce4dd53\" data-element_type=\"container\" data-e-type=\"container\" data-settings=\"{&quot;background_background&quot;:&quot;classic&quot;}\">\n\t\t\t\t\t<div class=\"e-con-inner\">\n\t\t\t\t<div class=\"elementor-element elementor-element-cbaaa24 elementor-widget elementor-widget-heading\" data-id=\"cbaaa24\" data-element_type=\"widget\" data-e-type=\"widget\" data-widget_type=\"heading.default\">\n\t\t\t\t<div class=\"elementor-widget-container\">\n\t\t\t\t\t<h2 class=\"elementor-heading-title elementor-size-default\">Checkout<\/h2>\t\t\t\t<\/div>\n\t\t\t\t<\/div>\n\t\t\t\t\t<\/div>\n\t\t\t\t<\/div>\n\t\t<div class=\"elementor-element elementor-element-a11e4e0 e-flex e-con-boxed e-con e-parent\" data-id=\"a11e4e0\" data-element_type=\"container\" data-e-type=\"container\">\n\t\t\t\t\t<div class=\"e-con-inner\">\n\t\t\t\t\t<\/div>\n\t\t\t\t<\/div>\n\t\t<div class=\"elementor-element elementor-element-c47891c e-flex e-con-boxed e-con e-parent\" data-id=\"c47891c\" data-element_type=\"container\" data-e-type=\"container\">\n\t\t\t\t\t<div class=\"e-con-inner\">\n\t\t\t\t<div class=\"elementor-element elementor-element-20259dc e-checkout-layout-two-column elementor-widget elementor-widget-woocommerce-checkout-page\" data-id=\"20259dc\" data-element_type=\"widget\" data-e-type=\"widget\" data-widget_type=\"woocommerce-checkout-page.default\">\n\t\t\t\t<div class=\"elementor-widget-container\">\n\t\t\t\t\t<div class=\"woocommerce\"><\/div>\t\t\t\t<\/div>\n\t\t\t\t<\/div>\n\t\t\t\t<div class=\"elementor-element elementor-element-073bfb9 e-checkout-layout-two-column elementor-widget elementor-widget-woocommerce-checkout-page\" data-id=\"073bfb9\" data-element_type=\"widget\" data-e-type=\"widget\" data-widget_type=\"woocommerce-checkout-page.default\">\n\t\t\t\t<div class=\"elementor-widget-container\">\n\t\t\t\t\t<div class=\"woocommerce\"><\/div>\t\t\t\t<\/div>\n\t\t\t\t<\/div>\n\t\t\t\t\t<\/div>\n\t\t\t\t<\/div>\n\t\t\t\t<\/div>\n\t\t","protected":false},"excerpt":{"rendered":"<p>Checkout Billing and shipping information First name&nbsp;* Surname&nbsp;* Land\/regio&nbsp;*Selecteer een land\/regio&hellip;AndorraBelgi\u00ebBulgarijeCyprusDenemarkenDuitslandEstlandFinlandFrankrijkGriekenlandHongarijeIJslandIerlandItali\u00ebKroati\u00ebLetlandLiechtensteinLitouwenLuxemburgMaltaMonacoNederlandNoorwegenOostenrijkPolenPortugalSan MarinoSloveni\u00ebSlowakijeSpanjeTsjechi\u00ebVaticaanVerenigd Koninkrijk (UK)ZwedenZwitserlandLand\/regio updaten Straat en huisnummer&nbsp;* Appartement, suite, unit enz.&nbsp;(optioneel) Plaats&nbsp;* Staat\/provincie&nbsp;(optioneel) Postcode&nbsp;* Phone&nbsp;* Email address&nbsp;* Additional information Order Notes&nbsp;(optioneel) Your order Product Subtotaal Louis Vuitton Damier Ebene Berkeley&nbsp;&nbsp; &times;&nbsp;1 &euro;&nbsp;795 Tassenhouder&nbsp;&nbsp; &times;&nbsp;1 &euro;&nbsp;15&euro;&nbsp;0 Subtotaal &euro;&nbsp;795 Verzending 1 Gratis aangetekend en verzekerd verzonden [&hellip;]<\/p>\n","protected":false},"author":1,"featured_media":0,"parent":0,"menu_order":0,"comment_status":"closed","ping_status":"closed","template":"","meta":{"footnotes":""},"class_list":["post-16226","page","type-page","status-publish","hentry"],"blocksy_meta":{"styles_descriptor":{"styles":{"desktop":"","tablet":"","mobile":""},"google_fonts":[],"version":6}},"_links":{"self":[{"href":"https:\/\/pursecurse.nl\/en\/wp-json\/wp\/v2\/pages\/16226","targetHints":{"allow":["GET"]}}],"collection":[{"href":"https:\/\/pursecurse.nl\/en\/wp-json\/wp\/v2\/pages"}],"about":[{"href":"https:\/\/pursecurse.nl\/en\/wp-json\/wp\/v2\/types\/page"}],"author":[{"embeddable":true,"href":"https:\/\/pursecurse.nl\/en\/wp-json\/wp\/v2\/users\/1"}],"replies":[{"embeddable":true,"href":"https:\/\/pursecurse.nl\/en\/wp-json\/wp\/v2\/comments?post=16226"}],"version-history":[{"count":5,"href":"https:\/\/pursecurse.nl\/en\/wp-json\/wp\/v2\/pages\/16226\/revisions"}],"predecessor-version":[{"id":29423,"href":"https:\/\/pursecurse.nl\/en\/wp-json\/wp\/v2\/pages\/16226\/revisions\/29423"}],"wp:attachment":[{"href":"https:\/\/pursecurse.nl\/en\/wp-json\/wp\/v2\/media?parent=16226"}],"curies":[{"name":"wp","href":"https:\/\/api.w.org\/{rel}","templated":true}]}}